{"id":272,"date":"2022-06-07T19:59:42","date_gmt":"2022-06-07T19:59:42","guid":{"rendered":"https:\/\/burelaesports.com\/?page_id=272"},"modified":"2022-06-13T19:09:30","modified_gmt":"2022-06-13T19:09:30","slug":"burela-sharks","status":"publish","type":"page","link":"https:\/\/burelaesports.com\/?page_id=272","title":{"rendered":"BURELA SHARKS"},"content":{"rendered":"\n<p>Burela Sharks es el equipo de eSports de Burela Dragons para deportes acu\u00e1ticos.&nbsp;&nbsp;<\/p>\n\n\n\n<p>Como representantes de esta villa de tan arraigada tradici\u00f3n marinera esperamos representarla dignamente y ocupar los mejores puestos en los videojuegos de tipolog\u00eda acu\u00e1tica.&nbsp;<\/p>\n","protected":false},"excerpt":{"rendered":"<p>Burela Sharks es el equipo de eSports de Burela Dragons para deportes acu\u00e1ticos.&nbsp;&nbsp; Como representantes de esta villa de tan arraigada tradici\u00f3n marinera esperamos representarla dignamente y ocupar los mejores puestos en los videojuegos de tipolog\u00eda acu\u00e1tica.&nbsp;<\/p>\n","protected":false},"author":1,"featured_media":0,"parent":0,"menu_order":0,"comment_status":"closed","ping_status":"closed","template":"","meta":[],"_links":{"self":[{"href":"https:\/\/burelaesports.com\/index.php?rest_route=\/wp\/v2\/pages\/272"}],"collection":[{"href":"https:\/\/burelaesports.com\/index.php?rest_route=\/wp\/v2\/pages"}],"about":[{"href":"https:\/\/burelaesports.com\/index.php?rest_route=\/wp\/v2\/types\/page"}],"author":[{"embeddable":true,"href":"https:\/\/burelaesports.com\/index.php?rest_route=\/wp\/v2\/users\/1"}],"replies":[{"embeddable":true,"href":"https:\/\/burelaesports.com\/index.php?rest_route=%2Fwp%2Fv2%2Fcomments&post=272"}],"version-history":[{"count":2,"href":"https:\/\/burelaesports.com\/index.php?rest_route=\/wp\/v2\/pages\/272\/revisions"}],"predecessor-version":[{"id":296,"href":"https:\/\/burelaesports.com\/index.php?rest_route=\/wp\/v2\/pages\/272\/revisions\/296"}],"wp:attachment":[{"href":"https:\/\/burelaesports.com\/index.php?rest_route=%2Fwp%2Fv2%2Fmedia&parent=272"}],"curies":[{"name":"wp","href":"https:\/\/api.w.org\/{rel}","templated":true}]}}